{"id":4941,"date":"2022-12-20T12:28:07","date_gmt":"2022-12-20T11:28:07","guid":{"rendered":"https:\/\/kreostyl.pl\/?page_id=4941"},"modified":"2023-02-15T12:56:04","modified_gmt":"2023-02-15T11:56:04","slug":"eu-projects","status":"publish","type":"page","link":"https:\/\/kreostyl.pl\/en\/eu-projects\/","title":{"rendered":"EU projects"},"content":{"rendered":"\t\t<div data-elementor-type=\"wp-page\" data-elementor-id=\"4941\" class=\"elementor elementor-4941 elementor-3272\">\n\t\t\t\t\t\t\t\t\t<section class=\"elementor-section elementor-top-section elementor-element elementor-element-62f51f4c elementor-section-full_width elementor-section-height-default elementor-section-height-default\" data-id=\"62f51f4c\" data-element_type=\"section\">\n\t\t\t\t\t\t<div class=\"elementor-container elementor-column-gap-default\">\n\t\t\t\t\t<div class=\"elementor-column elementor-col-100 elementor-top-column elementor-element elementor-element-73d7b25d\" data-id=\"73d7b25d\" data-element_type=\"column\">\n\t\t\t<div class=\"elementor-widget-wrap elementor-element-populated\">\n\t\t\t\t\t\t\t\t<section class=\"elementor-section elementor-inner-section elementor-element elementor-element-1db76b65 elementor-section-boxed elementor-section-height-default elementor-section-height-default\" data-id=\"1db76b65\" data-element_type=\"section\">\n\t\t\t\t\t\t<div class=\"elementor-container elementor-column-gap-default\">\n\t\t\t\t\t<div class=\"elementor-column elementor-col-100 elementor-inner-column elementor-element elementor-element-3a019ffc\" data-id=\"3a019ffc\" data-element_type=\"column\">\n\t\t\t<div class=\"elementor-widget-wrap elementor-element-populated\">\n\t\t\t\t\t\t\t\t<div class=\"elementor-element elementor-element-26e09d82 elementor-invisible elementor-widget elementor-widget-bauen-image\" data-id=\"26e09d82\" data-element_type=\"widget\" data-settings=\"{&quot;_animation&quot;:&quot;fadeInUp&quot;}\" data-widget_type=\"bauen-image.default\">\n\t\t\t\t<div class=\"elementor-widget-container\">\n\t\t\t\t\t\n\t\t\t\n\t\t\n\t\t\t<div class=\"about\">\n\t\t\t\t<div class=\"about-img\">\n\t\t\t\t\t\t\t\t\n\t\t\t\t\t<div class=\"img\"> <img decoding=\"async\" src=\"http:\/\/testestest.pl\/wp-content\/uploads\/2022\/12\/FE_POPW_poziom_pl-1_rgb-1024x143-1.jpg\" class=\"img-fluid\" alt=\"\"> <\/div>\n\t\t\t\t\t\t\t\t\t\t\n\t\t\t\t\t\t\t\t\t<\/div>\t\t\n\t\t\t<\/div>\t\n\n\t    \t\t\t\n\t\t\n\t\t\t\n        \t\t<\/div>\n\t\t\t\t<\/div>\n\t\t\t\t<div class=\"elementor-element elementor-element-8dd8401 elementor-invisible elementor-widget elementor-widget-bauen-title\" data-id=\"8dd8401\" data-element_type=\"widget\" data-settings=\"{&quot;_animation&quot;:&quot;fadeInUp&quot;}\" data-widget_type=\"bauen-title.default\">\n\t\t\t\t<div class=\"elementor-widget-container\">\n\t\t\t\t\t\n\t\t\t\n\t\t\t\t\t\t<h2 class=\"section-title text-left\">industrial <span class=\"text-color-red\"> design <\/span><\/h2>\n\t\t\t\t\n\t\t\t\t\t\t<p><div class=\"fusion-text fusion-text-1 fusion-text-split-columns fusion-text-columns-2\"><p>KREO STYL Linda Mazur is implementing a project co-financed by European Funds<\/p><p>Introduce product innovations of the company KREO STYL Linda Mazur to the market through the implementation of recommendations of the design strategy<\/p><p>Project objective: To implement the recommendations indicated in the Design Strategy developed as part of Stage I of Measure 1.4 of POPW, aimed at increasing the potential of KREO STYL Linda Mazur in terms of skilful design management in the company and increasing the use of its potential, leading to the development of a new line of catalogue furniture products of high visual and design quality.<\/p><p>Project value: PLN 4,587,900.00<br \/>European Funds contribution: PLN 2,547,000.00<\/p><\/div><\/p>\n\t\t\t\t\n        \n\t\t\t\n        \t\t<\/div>\n\t\t\t\t<\/div>\n\t\t\t\t\t<\/div>\n\t\t<\/div>\n\t\t\t\t\t\t\t<\/div>\n\t\t<\/section>\n\t\t\t\t\t<\/div>\n\t\t<\/div>\n\t\t\t\t\t\t\t<\/div>\n\t\t<\/section>\n\t\t\t\t<section class=\"elementor-section elementor-top-section elementor-element elementor-element-a9082bf elementor-section-full_width elementor-section-height-default elementor-section-height-default\" data-id=\"a9082bf\" data-element_type=\"section\">\n\t\t\t\t\t\t<div class=\"elementor-container elementor-column-gap-default\">\n\t\t\t\t\t<div class=\"elementor-column elementor-col-100 elementor-top-column elementor-element elementor-element-b6ec6c4\" data-id=\"b6ec6c4\" data-element_type=\"column\">\n\t\t\t<div class=\"elementor-widget-wrap elementor-element-populated\">\n\t\t\t\t\t\t\t\t<section class=\"elementor-section elementor-inner-section elementor-element elementor-element-0be994a elementor-section-boxed elementor-section-height-default elementor-section-height-default\" data-id=\"0be994a\" data-element_type=\"section\">\n\t\t\t\t\t\t<div class=\"elementor-container elementor-column-gap-default\">\n\t\t\t\t\t<div class=\"elementor-column elementor-col-100 elementor-inner-column elementor-element elementor-element-f5ff75a\" data-id=\"f5ff75a\" data-element_type=\"column\">\n\t\t\t<div class=\"elementor-widget-wrap elementor-element-populated\">\n\t\t\t\t\t\t\t\t<div class=\"elementor-element elementor-element-bf2ce98 elementor-invisible elementor-widget elementor-widget-bauen-image\" data-id=\"bf2ce98\" data-element_type=\"widget\" data-settings=\"{&quot;_animation&quot;:&quot;fadeInUp&quot;}\" data-widget_type=\"bauen-image.default\">\n\t\t\t\t<div class=\"elementor-widget-container\">\n\t\t\t\t\t\n\t\t\t\n\t\t\n\t\t\t<div class=\"about\">\n\t\t\t\t<div class=\"about-img\">\n\t\t\t\t\t\t\t\t\n\t\t\t\t\t<div class=\"img\"> <img decoding=\"async\" src=\"http:\/\/testestest.pl\/wp-content\/uploads\/2022\/12\/Design-to-dobre-dla-MSP-loga-trzy-1-1024x103-1.jpg\" class=\"img-fluid\" alt=\"\"> <\/div>\n\t\t\t\t\t\t\t\t\t\t\n\t\t\t\t\t\t\t\t\t<\/div>\t\t\n\t\t\t<\/div>\t\n\n\t    \t\t\t\n\t\t\n\t\t\t\n        \t\t<\/div>\n\t\t\t\t<\/div>\n\t\t\t\t<div class=\"elementor-element elementor-element-7584382 elementor-invisible elementor-widget elementor-widget-bauen-title\" data-id=\"7584382\" data-element_type=\"widget\" data-settings=\"{&quot;_animation&quot;:&quot;fadeInUp&quot;}\" data-widget_type=\"bauen-title.default\">\n\t\t\t\t<div class=\"elementor-widget-container\">\n\t\t\t\t\t\n\t\t\t\n\t\t\t\t\t\t<h2 class=\"section-title text-left\">industrial <span class=\"text-color-red\"> design <\/span><\/h2>\n\t\t\t\t\n\t\t\t\t\t\t<p><div class=\"fusion-text fusion-text-1 fusion-text-split-columns fusion-text-columns-2\"><div class=\"fusion-text fusion-text-2 fusion-text-split-columns fusion-text-columns-2\"><p>KREO STYL Linda Mazur zrealizowa\u0142o projekt dofinansowany z Funduszy Europejskich<\/p><p><strong>Wzrost konkurencyjno\u015bci KREO STYL Linda Mazur w oparciu o wykorzystanie proces\u00f3w wzorniczych w dzia\u0142alno\u015bci gospodarczej przedsi\u0119biorstwa<\/strong><\/p><p>Cel projektu: Realizacja kompleksowych, indywidualnych, profilowanych pod Wnioskodawc\u0119 us\u0142ug doradczych zwi\u0105zanych z przeprowadzeniem audytu wzorniczego oraz opracowaniem na jego podstawie strategii wzorniczej dla przedsi\u0119biorstwa KREO STYL Linda Mazur.<\/p><p>Warto\u015b\u0107 projektu: PLN 116 850,00 <br \/>Wk\u0142ad Funduszy Europejskich: PLN 80 750,00<\/p><\/div><\/div><\/p>\n\t\t\t\t\n        \n\t\t\t\n        \t\t<\/div>\n\t\t\t\t<\/div>\n\t\t\t\t\t<\/div>\n\t\t<\/div>\n\t\t\t\t\t\t\t<\/div>\n\t\t<\/section>\n\t\t\t\t\t<\/div>\n\t\t<\/div>\n\t\t\t\t\t\t\t<\/div>\n\t\t<\/section>\n\t\t\t\t\t\t\t<\/div>\n\t\t","protected":false},"excerpt":{"rendered":"<p>industrial design KREO STYL Linda Mazur is implementing a project co-financed by European Funds Introduce product innovations of the company KREO STYL Linda Mazur to the market through the implementation of recommendations of the design strategy Project objective: To implement the recommendations indicated in the Design Strategy developed as part of Stage I of Measure 1.4 of POPW, aimed at&#8230;<\/p>\n","protected":false},"author":1,"featured_media":0,"parent":0,"menu_order":0,"comment_status":"closed","ping_status":"closed","template":"","meta":{"_mi_skip_tracking":false,"footnotes":"","_links_to":"","_links_to_target":""},"class_list":["post-4941","page","type-page","status-publish","hentry"],"aioseo_notices":[],"_links":{"self":[{"href":"https:\/\/kreostyl.pl\/en\/wp-json\/wp\/v2\/pages\/4941","targetHints":{"allow":["GET"]}}],"collection":[{"href":"https:\/\/kreostyl.pl\/en\/wp-json\/wp\/v2\/pages"}],"about":[{"href":"https:\/\/kreostyl.pl\/en\/wp-json\/wp\/v2\/types\/page"}],"author":[{"embeddable":true,"href":"https:\/\/kreostyl.pl\/en\/wp-json\/wp\/v2\/users\/1"}],"replies":[{"embeddable":true,"href":"https:\/\/kreostyl.pl\/en\/wp-json\/wp\/v2\/comments?post=4941"}],"version-history":[{"count":4,"href":"https:\/\/kreostyl.pl\/en\/wp-json\/wp\/v2\/pages\/4941\/revisions"}],"predecessor-version":[{"id":4945,"href":"https:\/\/kreostyl.pl\/en\/wp-json\/wp\/v2\/pages\/4941\/revisions\/4945"}],"wp:attachment":[{"href":"https:\/\/kreostyl.pl\/en\/wp-json\/wp\/v2\/media?parent=4941"}],"curies":[{"name":"wp","href":"https:\/\/api.w.org\/{rel}","templated":true}]}}